{"id":6071,"date":"2021-11-01T17:13:45","date_gmt":"2021-11-01T16:13:45","guid":{"rendered":"https:\/\/www.bankersforum.ch\/?page_id=6071"},"modified":"2024-01-09T16:22:04","modified_gmt":"2024-01-09T15:22:04","slug":"forum-tagungen","status":"publish","type":"page","link":"https:\/\/www.bankersforum.ch\/de\/forum-tagungen\/","title":{"rendered":"Forum \/ Tagungen"},"content":{"rendered":"<div id=\"cs-content\" class=\"cs-content\"><\/div>\n","protected":false},"excerpt":{"rendered":"<p>Forum \/ Tagungen Im Zentrum steht das Forum! Bei unseren Ausbildungsveranstaltungen stehen der praktische Nutzen sowie die korrekte Umsetzung und Anwendung der Bestimmungen im Vordergrund. Es ist uns wichtig, auf die Bed\u00fcrfnisse der Teilnehmer einzugehen und eine Diskussion f\u00fchren zu k\u00f6nnen. Folgende Foren (in Deutsch und Franz\u00f6sisch) werden akutell angeboten: Forum Sorgfaltspflichten | VSB Sorgfaltspflichten bei der Entgegennahme von Verm\u00f6genswerten &#8230; <a href=\"https:\/\/www.bankersforum.ch\/de\/forum-tagungen\/\" class=\"more-link\">Read More<\/a><\/p>\n","protected":false},"author":6,"featured_media":0,"parent":0,"menu_order":0,"comment_status":"closed","ping_status":"closed","template":"template-blank-4.php","meta":{"_acf_changed":false,"inline_featured_image":false,"iawp_total_views":1295,"footnotes":""},"class_list":["post-6071","page","type-page","status-publish","hentry","no-post-thumbnail"],"acf":[],"yoast_head":"<!-- This site is optimized with the Yoast SEO plugin v25.9 - https:\/\/yoast.com\/wordpress\/plugins\/seo\/ -->\n<title>Forum und Tagungen | bankersforum<\/title>\n<meta name=\"description\" content=\"Forum und Tagungen | Im Zentrum steht das Forum! Bei unseren Ausbildungsveranstaltungen stehen der praktische Nutzen sowie die korrekte ...\" \/>\n<meta name=\"robots\" content=\"index, follow, max-snippet:-1, max-image-preview:large, max-video-preview:-1\" \/>\n<link rel=\"canonical\" href=\"https:\/\/www.bankersforum.ch\/de\/forum-tagungen\/\" \/>\n<meta property=\"og:locale\" content=\"de_DE\" \/>\n<meta property=\"og:type\" content=\"article\" \/>\n<meta property=\"og:title\" content=\"Forum und Tagungen | bankersforum\" \/>\n<meta property=\"og:description\" content=\"Forum und Tagungen | Im Zentrum steht das Forum! Bei unseren Ausbildungsveranstaltungen stehen der praktische Nutzen sowie die korrekte ...\" \/>\n<meta property=\"og:url\" content=\"https:\/\/www.bankersforum.ch\/de\/forum-tagungen\/\" \/>\n<meta property=\"og:site_name\" content=\"bankersforum.ch\" \/>\n<meta property=\"article:publisher\" content=\"https:\/\/www.facebook.com\/gabrieldesign.swiss\" \/>\n<meta property=\"article:modified_time\" content=\"2024-01-09T15:22:04+00:00\" \/>\n<meta name=\"twitter:card\" content=\"summary_large_image\" \/>\n<meta name=\"twitter:site\" content=\"@GDswiss\" \/>\n<meta name=\"twitter:label1\" content=\"Gesch\u00e4tzte Lesezeit\" \/>\n\t<meta name=\"twitter:data1\" content=\"1\u00a0Minute\" \/>\n<script type=\"application\/ld+json\" class=\"yoast-schema-graph\">{\"@context\":\"https:\/\/schema.org\",\"@graph\":[{\"@type\":\"WebPage\",\"@id\":\"https:\/\/www.bankersforum.ch\/de\/forum-tagungen\/\",\"url\":\"https:\/\/www.bankersforum.ch\/de\/forum-tagungen\/\",\"name\":\"Forum und Tagungen | bankersforum\",\"isPartOf\":{\"@id\":\"https:\/\/www.bankersforum.ch\/de\/#website\"},\"datePublished\":\"2021-11-01T16:13:45+00:00\",\"dateModified\":\"2024-01-09T15:22:04+00:00\",\"description\":\"Forum und Tagungen | Im Zentrum steht das Forum! Bei unseren Ausbildungsveranstaltungen stehen der praktische Nutzen sowie die korrekte ...\",\"breadcrumb\":{\"@id\":\"https:\/\/www.bankersforum.ch\/de\/forum-tagungen\/#breadcrumb\"},\"inLanguage\":\"de\",\"potentialAction\":[{\"@type\":\"ReadAction\",\"target\":[\"https:\/\/www.bankersforum.ch\/de\/forum-tagungen\/\"]}]},{\"@type\":\"BreadcrumbList\",\"@id\":\"https:\/\/www.bankersforum.ch\/de\/forum-tagungen\/#breadcrumb\",\"itemListElement\":[{\"@type\":\"ListItem\",\"position\":1,\"name\":\"Home\",\"item\":\"https:\/\/www.bankersforum.ch\/de\/\"},{\"@type\":\"ListItem\",\"position\":2,\"name\":\"Forum \/ Tagungen\"}]},{\"@type\":\"WebSite\",\"@id\":\"https:\/\/www.bankersforum.ch\/de\/#website\",\"url\":\"https:\/\/www.bankersforum.ch\/de\/\",\"name\":\"bankersforum.ch\",\"description\":\"\",\"publisher\":{\"@id\":\"https:\/\/www.bankersforum.ch\/de\/#organization\"},\"potentialAction\":[{\"@type\":\"SearchAction\",\"target\":{\"@type\":\"EntryPoint\",\"urlTemplate\":\"https:\/\/www.bankersforum.ch\/de\/?s={search_term_string}\"},\"query-input\":{\"@type\":\"PropertyValueSpecification\",\"valueRequired\":true,\"valueName\":\"search_term_string\"}}],\"inLanguage\":\"de\"},{\"@type\":\"Organization\",\"@id\":\"https:\/\/www.bankersforum.ch\/de\/#organization\",\"name\":\"Moser und Partner AG\",\"url\":\"https:\/\/www.bankersforum.ch\/de\/\",\"logo\":{\"@type\":\"ImageObject\",\"inLanguage\":\"de\",\"@id\":\"https:\/\/www.bankersforum.ch\/de\/#\/schema\/logo\/image\/\",\"url\":\"\",\"contentUrl\":\"\",\"caption\":\"Moser und Partner AG\"},\"image\":{\"@id\":\"https:\/\/www.bankersforum.ch\/de\/#\/schema\/logo\/image\/\"},\"sameAs\":[\"https:\/\/www.facebook.com\/gabrieldesign.swiss\",\"https:\/\/x.com\/GDswiss\",\"https:\/\/www.instagram.com\/gabrieldesign.swiss\/\",\"https:\/\/www.linkedin.com\/company\/gabrieldesign\/\"]}]}<\/script>\n<!-- \/ Yoast SEO plugin. -->","yoast_head_json":{"title":"Forum und Tagungen | bankersforum","description":"Forum und Tagungen | Im Zentrum steht das Forum! Bei unseren Ausbildungsveranstaltungen stehen der praktische Nutzen sowie die korrekte ...","robots":{"index":"index","follow":"follow","max-snippet":"max-snippet:-1","max-image-preview":"max-image-preview:large","max-video-preview":"max-video-preview:-1"},"canonical":"https:\/\/www.bankersforum.ch\/de\/forum-tagungen\/","og_locale":"de_DE","og_type":"article","og_title":"Forum und Tagungen | bankersforum","og_description":"Forum und Tagungen | Im Zentrum steht das Forum! Bei unseren Ausbildungsveranstaltungen stehen der praktische Nutzen sowie die korrekte ...","og_url":"https:\/\/www.bankersforum.ch\/de\/forum-tagungen\/","og_site_name":"bankersforum.ch","article_publisher":"https:\/\/www.facebook.com\/gabrieldesign.swiss","article_modified_time":"2024-01-09T15:22:04+00:00","twitter_card":"summary_large_image","twitter_site":"@GDswiss","twitter_misc":{"Gesch\u00e4tzte Lesezeit":"1\u00a0Minute"},"schema":{"@context":"https:\/\/schema.org","@graph":[{"@type":"WebPage","@id":"https:\/\/www.bankersforum.ch\/de\/forum-tagungen\/","url":"https:\/\/www.bankersforum.ch\/de\/forum-tagungen\/","name":"Forum und Tagungen | bankersforum","isPartOf":{"@id":"https:\/\/www.bankersforum.ch\/de\/#website"},"datePublished":"2021-11-01T16:13:45+00:00","dateModified":"2024-01-09T15:22:04+00:00","description":"Forum und Tagungen | Im Zentrum steht das Forum! Bei unseren Ausbildungsveranstaltungen stehen der praktische Nutzen sowie die korrekte ...","breadcrumb":{"@id":"https:\/\/www.bankersforum.ch\/de\/forum-tagungen\/#breadcrumb"},"inLanguage":"de","potentialAction":[{"@type":"ReadAction","target":["https:\/\/www.bankersforum.ch\/de\/forum-tagungen\/"]}]},{"@type":"BreadcrumbList","@id":"https:\/\/www.bankersforum.ch\/de\/forum-tagungen\/#breadcrumb","itemListElement":[{"@type":"ListItem","position":1,"name":"Home","item":"https:\/\/www.bankersforum.ch\/de\/"},{"@type":"ListItem","position":2,"name":"Forum \/ Tagungen"}]},{"@type":"WebSite","@id":"https:\/\/www.bankersforum.ch\/de\/#website","url":"https:\/\/www.bankersforum.ch\/de\/","name":"bankersforum.ch","description":"","publisher":{"@id":"https:\/\/www.bankersforum.ch\/de\/#organization"},"potentialAction":[{"@type":"SearchAction","target":{"@type":"EntryPoint","urlTemplate":"https:\/\/www.bankersforum.ch\/de\/?s={search_term_string}"},"query-input":{"@type":"PropertyValueSpecification","valueRequired":true,"valueName":"search_term_string"}}],"inLanguage":"de"},{"@type":"Organization","@id":"https:\/\/www.bankersforum.ch\/de\/#organization","name":"Moser und Partner AG","url":"https:\/\/www.bankersforum.ch\/de\/","logo":{"@type":"ImageObject","inLanguage":"de","@id":"https:\/\/www.bankersforum.ch\/de\/#\/schema\/logo\/image\/","url":"","contentUrl":"","caption":"Moser und Partner AG"},"image":{"@id":"https:\/\/www.bankersforum.ch\/de\/#\/schema\/logo\/image\/"},"sameAs":["https:\/\/www.facebook.com\/gabrieldesign.swiss","https:\/\/x.com\/GDswiss","https:\/\/www.instagram.com\/gabrieldesign.swiss\/","https:\/\/www.linkedin.com\/company\/gabrieldesign\/"]}]}},"_links":{"self":[{"href":"https:\/\/www.bankersforum.ch\/de\/wp-json\/wp\/v2\/pages\/6071","targetHints":{"allow":["GET"]}}],"collection":[{"href":"https:\/\/www.bankersforum.ch\/de\/wp-json\/wp\/v2\/pages"}],"about":[{"href":"https:\/\/www.bankersforum.ch\/de\/wp-json\/wp\/v2\/types\/page"}],"author":[{"embeddable":true,"href":"https:\/\/www.bankersforum.ch\/de\/wp-json\/wp\/v2\/users\/6"}],"replies":[{"embeddable":true,"href":"https:\/\/www.bankersforum.ch\/de\/wp-json\/wp\/v2\/comments?post=6071"}],"version-history":[{"count":3,"href":"https:\/\/www.bankersforum.ch\/de\/wp-json\/wp\/v2\/pages\/6071\/revisions"}],"predecessor-version":[{"id":7760,"href":"https:\/\/www.bankersforum.ch\/de\/wp-json\/wp\/v2\/pages\/6071\/revisions\/7760"}],"wp:attachment":[{"href":"https:\/\/www.bankersforum.ch\/de\/wp-json\/wp\/v2\/media?parent=6071"}],"curies":[{"name":"wp","href":"https:\/\/api.w.org\/{rel}","templated":true}]}}