{"id":6535,"date":"2022-01-10T15:29:00","date_gmt":"2022-01-10T14:29:00","guid":{"rendered":"https:\/\/www.bankersforum.ch\/?page_id=6535"},"modified":"2022-02-11T11:15:52","modified_gmt":"2022-02-11T10:15:52","slug":"home","status":"publish","type":"page","link":"https:\/\/www.bankersforum.ch\/de\/","title":{"rendered":"Home"},"content":{"rendered":"<div id=\"cs-content\" class=\"cs-content\"><\/div>\n","protected":false},"excerpt":{"rendered":"<p>Willkommen Bankersforum konkretisiert die Anwendung der regulatorischen Bestimmungen. Mit Fachtagungen und gezielten Ausbildungen wollen wir zusammen mit Experten die Anforderungen und die geltenden Auslegungen n\u00e4herbringen und die Umsetzung erleichtern. Ungleich anderen Veranstaltungen wollen wir im Rahmen von Falll\u00f6sungen konkrete, praxisbezogene Beispiele des Bankenalltages besprechen und l\u00f6sen. Halten Sie sich informiert. Die n\u00e4chsten Fachtagungen im Bereich Geldw\u00e4scherei folgen schon. Ziel soll &#8230; <a href=\"https:\/\/www.bankersforum.ch\/de\/\" class=\"more-link\">Read More<\/a><\/p>\n","protected":false},"author":6,"featured_media":0,"parent":0,"menu_order":0,"comment_status":"closed","ping_status":"closed","template":"template-blank-4.php","meta":{"_acf_changed":false,"inline_featured_image":false,"iawp_total_views":2877,"footnotes":""},"class_list":["post-6535","page","type-page","status-publish","hentry","no-post-thumbnail"],"acf":[],"yoast_head":"<!-- This site is optimized with the Yoast SEO plugin v25.9 - https:\/\/yoast.com\/wordpress\/plugins\/seo\/ -->\n<title>bankersforum | Home<\/title>\n<meta name=\"description\" content=\"bankersforum | Bankersforum konkretisiert die Anwendung der regulatorischen Bestimmungen. Mit Fachtagungen und gezielten Ausbildungen ...\" \/>\n<meta name=\"robots\" content=\"index, follow, max-snippet:-1, max-image-preview:large, max-video-preview:-1\" \/>\n<link rel=\"canonical\" href=\"https:\/\/www.bankersforum.ch\/de\/\" \/>\n<meta property=\"og:locale\" content=\"de_DE\" \/>\n<meta property=\"og:type\" content=\"article\" \/>\n<meta property=\"og:title\" content=\"bankersforum | Home\" \/>\n<meta property=\"og:description\" content=\"bankersforum | Bankersforum konkretisiert die Anwendung der regulatorischen Bestimmungen. Mit Fachtagungen und gezielten Ausbildungen ...\" \/>\n<meta property=\"og:url\" content=\"https:\/\/www.bankersforum.ch\/de\/\" \/>\n<meta property=\"og:site_name\" content=\"bankersforum.ch\" \/>\n<meta property=\"article:publisher\" content=\"https:\/\/www.facebook.com\/gabrieldesign.swiss\" \/>\n<meta property=\"article:modified_time\" content=\"2022-02-11T10:15:52+00:00\" \/>\n<meta name=\"twitter:card\" content=\"summary_large_image\" \/>\n<meta name=\"twitter:site\" content=\"@GDswiss\" \/>\n<meta name=\"twitter:label1\" content=\"Gesch\u00e4tzte Lesezeit\" \/>\n\t<meta name=\"twitter:data1\" content=\"1\u00a0Minute\" \/>\n<script type=\"application\/ld+json\" class=\"yoast-schema-graph\">{\"@context\":\"https:\/\/schema.org\",\"@graph\":[{\"@type\":\"WebPage\",\"@id\":\"https:\/\/www.bankersforum.ch\/de\/\",\"url\":\"https:\/\/www.bankersforum.ch\/de\/\",\"name\":\"bankersforum | Home\",\"isPartOf\":{\"@id\":\"https:\/\/www.bankersforum.ch\/de\/#website\"},\"datePublished\":\"2022-01-10T14:29:00+00:00\",\"dateModified\":\"2022-02-11T10:15:52+00:00\",\"description\":\"bankersforum | Bankersforum konkretisiert die Anwendung der regulatorischen Bestimmungen. Mit Fachtagungen und gezielten Ausbildungen ...\",\"breadcrumb\":{\"@id\":\"https:\/\/www.bankersforum.ch\/de\/#breadcrumb\"},\"inLanguage\":\"de\",\"potentialAction\":[{\"@type\":\"ReadAction\",\"target\":[\"https:\/\/www.bankersforum.ch\/de\/\"]}]},{\"@type\":\"BreadcrumbList\",\"@id\":\"https:\/\/www.bankersforum.ch\/de\/#breadcrumb\",\"itemListElement\":[{\"@type\":\"ListItem\",\"position\":1,\"name\":\"Home\",\"item\":\"https:\/\/www.bankersforum.ch\/de\/\"},{\"@type\":\"ListItem\",\"position\":2,\"name\":\"Home\"}]},{\"@type\":\"WebSite\",\"@id\":\"https:\/\/www.bankersforum.ch\/de\/#website\",\"url\":\"https:\/\/www.bankersforum.ch\/de\/\",\"name\":\"bankersforum.ch\",\"description\":\"\",\"publisher\":{\"@id\":\"https:\/\/www.bankersforum.ch\/de\/#organization\"},\"potentialAction\":[{\"@type\":\"SearchAction\",\"target\":{\"@type\":\"EntryPoint\",\"urlTemplate\":\"https:\/\/www.bankersforum.ch\/de\/?s={search_term_string}\"},\"query-input\":{\"@type\":\"PropertyValueSpecification\",\"valueRequired\":true,\"valueName\":\"search_term_string\"}}],\"inLanguage\":\"de\"},{\"@type\":\"Organization\",\"@id\":\"https:\/\/www.bankersforum.ch\/de\/#organization\",\"name\":\"Moser und Partner AG\",\"url\":\"https:\/\/www.bankersforum.ch\/de\/\",\"logo\":{\"@type\":\"ImageObject\",\"inLanguage\":\"de\",\"@id\":\"https:\/\/www.bankersforum.ch\/de\/#\/schema\/logo\/image\/\",\"url\":\"\",\"contentUrl\":\"\",\"caption\":\"Moser und Partner AG\"},\"image\":{\"@id\":\"https:\/\/www.bankersforum.ch\/de\/#\/schema\/logo\/image\/\"},\"sameAs\":[\"https:\/\/www.facebook.com\/gabrieldesign.swiss\",\"https:\/\/x.com\/GDswiss\",\"https:\/\/www.instagram.com\/gabrieldesign.swiss\/\",\"https:\/\/www.linkedin.com\/company\/gabrieldesign\/\"]}]}<\/script>\n<!-- \/ Yoast SEO plugin. -->","yoast_head_json":{"title":"bankersforum | Home","description":"bankersforum | Bankersforum konkretisiert die Anwendung der regulatorischen Bestimmungen. Mit Fachtagungen und gezielten Ausbildungen ...","robots":{"index":"index","follow":"follow","max-snippet":"max-snippet:-1","max-image-preview":"max-image-preview:large","max-video-preview":"max-video-preview:-1"},"canonical":"https:\/\/www.bankersforum.ch\/de\/","og_locale":"de_DE","og_type":"article","og_title":"bankersforum | Home","og_description":"bankersforum | Bankersforum konkretisiert die Anwendung der regulatorischen Bestimmungen. Mit Fachtagungen und gezielten Ausbildungen ...","og_url":"https:\/\/www.bankersforum.ch\/de\/","og_site_name":"bankersforum.ch","article_publisher":"https:\/\/www.facebook.com\/gabrieldesign.swiss","article_modified_time":"2022-02-11T10:15:52+00:00","twitter_card":"summary_large_image","twitter_site":"@GDswiss","twitter_misc":{"Gesch\u00e4tzte Lesezeit":"1\u00a0Minute"},"schema":{"@context":"https:\/\/schema.org","@graph":[{"@type":"WebPage","@id":"https:\/\/www.bankersforum.ch\/de\/","url":"https:\/\/www.bankersforum.ch\/de\/","name":"bankersforum | Home","isPartOf":{"@id":"https:\/\/www.bankersforum.ch\/de\/#website"},"datePublished":"2022-01-10T14:29:00+00:00","dateModified":"2022-02-11T10:15:52+00:00","description":"bankersforum | Bankersforum konkretisiert die Anwendung der regulatorischen Bestimmungen. Mit Fachtagungen und gezielten Ausbildungen ...","breadcrumb":{"@id":"https:\/\/www.bankersforum.ch\/de\/#breadcrumb"},"inLanguage":"de","potentialAction":[{"@type":"ReadAction","target":["https:\/\/www.bankersforum.ch\/de\/"]}]},{"@type":"BreadcrumbList","@id":"https:\/\/www.bankersforum.ch\/de\/#breadcrumb","itemListElement":[{"@type":"ListItem","position":1,"name":"Home","item":"https:\/\/www.bankersforum.ch\/de\/"},{"@type":"ListItem","position":2,"name":"Home"}]},{"@type":"WebSite","@id":"https:\/\/www.bankersforum.ch\/de\/#website","url":"https:\/\/www.bankersforum.ch\/de\/","name":"bankersforum.ch","description":"","publisher":{"@id":"https:\/\/www.bankersforum.ch\/de\/#organization"},"potentialAction":[{"@type":"SearchAction","target":{"@type":"EntryPoint","urlTemplate":"https:\/\/www.bankersforum.ch\/de\/?s={search_term_string}"},"query-input":{"@type":"PropertyValueSpecification","valueRequired":true,"valueName":"search_term_string"}}],"inLanguage":"de"},{"@type":"Organization","@id":"https:\/\/www.bankersforum.ch\/de\/#organization","name":"Moser und Partner AG","url":"https:\/\/www.bankersforum.ch\/de\/","logo":{"@type":"ImageObject","inLanguage":"de","@id":"https:\/\/www.bankersforum.ch\/de\/#\/schema\/logo\/image\/","url":"","contentUrl":"","caption":"Moser und Partner AG"},"image":{"@id":"https:\/\/www.bankersforum.ch\/de\/#\/schema\/logo\/image\/"},"sameAs":["https:\/\/www.facebook.com\/gabrieldesign.swiss","https:\/\/x.com\/GDswiss","https:\/\/www.instagram.com\/gabrieldesign.swiss\/","https:\/\/www.linkedin.com\/company\/gabrieldesign\/"]}]}},"_links":{"self":[{"href":"https:\/\/www.bankersforum.ch\/de\/wp-json\/wp\/v2\/pages\/6535","targetHints":{"allow":["GET"]}}],"collection":[{"href":"https:\/\/www.bankersforum.ch\/de\/wp-json\/wp\/v2\/pages"}],"about":[{"href":"https:\/\/www.bankersforum.ch\/de\/wp-json\/wp\/v2\/types\/page"}],"author":[{"embeddable":true,"href":"https:\/\/www.bankersforum.ch\/de\/wp-json\/wp\/v2\/users\/6"}],"replies":[{"embeddable":true,"href":"https:\/\/www.bankersforum.ch\/de\/wp-json\/wp\/v2\/comments?post=6535"}],"version-history":[{"count":0,"href":"https:\/\/www.bankersforum.ch\/de\/wp-json\/wp\/v2\/pages\/6535\/revisions"}],"wp:attachment":[{"href":"https:\/\/www.bankersforum.ch\/de\/wp-json\/wp\/v2\/media?parent=6535"}],"curies":[{"name":"wp","href":"https:\/\/api.w.org\/{rel}","templated":true}]}}