{"id":6540,"date":"2022-01-10T15:42:59","date_gmt":"2022-01-10T14:42:59","guid":{"rendered":"https:\/\/www.bankersforum.ch\/?page_id=6540"},"modified":"2023-12-20T13:18:11","modified_gmt":"2023-12-20T12:18:11","slug":"anmeldung","status":"publish","type":"page","link":"https:\/\/www.bankersforum.ch\/de\/anmeldung\/","title":{"rendered":"Anmeldung"},"content":{"rendered":"<div id=\"cs-content\" class=\"cs-content\"><\/div>\n","protected":false},"excerpt":{"rendered":"<p>Anmeldung zu den Foren W\u00e4hlen Sie nachfolgend die gew\u00fcnschten Forum-Tage aus: Z\u00fcrich | forum sorgfaltspflichten 2026 09.06.2026 | 08.30-17.00 | CHF 950.\u2013 | Deutsch Ich nehme wie folgt teil:Vor Ort, physisch*Per Weblink, elektronisch*Z\u00fcrich | forum geldw\u00e4schereipr\u00e4vention 2026 16.06.2026 | 08.30-17.00 | CHF 950.\u2013 | Deutsch Ich nehme wie folgt teil:Vor Ort, physisch*Per Weblink, elektronisch*Durchf\u00fchrungsort : Bildungszentrum Sihlpost | Sihlpostgasse 2 &#8230; <a href=\"https:\/\/www.bankersforum.ch\/de\/anmeldung\/\" class=\"more-link\">Read More<\/a><\/p>\n","protected":false},"author":6,"featured_media":0,"parent":0,"menu_order":0,"comment_status":"closed","ping_status":"closed","template":"template-blank-4.php","meta":{"_acf_changed":false,"inline_featured_image":false,"iawp_total_views":2331,"footnotes":""},"class_list":["post-6540","page","type-page","status-publish","hentry","no-post-thumbnail"],"acf":[],"yoast_head":"<!-- This site is optimized with the Yoast SEO plugin v27.4 - https:\/\/yoast.com\/product\/yoast-seo-wordpress\/ -->\n<title>Anmeldungen zu den Foren | bankersforum<\/title>\n<meta name=\"description\" content=\"Anmeldungen zu den Foren | bankersforum | Melden Sie sich nachfolgend zu einem unserer Foren direkt an.\" \/>\n<meta name=\"robots\" content=\"index, follow, max-snippet:-1, max-image-preview:large, max-video-preview:-1\" \/>\n<link rel=\"canonical\" href=\"https:\/\/www.bankersforum.ch\/de\/anmeldung\/\" \/>\n<meta property=\"og:locale\" content=\"de_DE\" \/>\n<meta property=\"og:type\" content=\"article\" \/>\n<meta property=\"og:title\" content=\"Anmeldungen zu den Foren | bankersforum\" \/>\n<meta property=\"og:description\" content=\"Anmeldungen zu den Foren | bankersforum | Melden Sie sich nachfolgend zu einem unserer Foren direkt an.\" \/>\n<meta property=\"og:url\" content=\"https:\/\/www.bankersforum.ch\/de\/anmeldung\/\" \/>\n<meta property=\"og:site_name\" content=\"bankersforum.ch\" \/>\n<meta property=\"article:publisher\" content=\"https:\/\/www.facebook.com\/gabrieldesign.swiss\" \/>\n<meta property=\"article:modified_time\" content=\"2023-12-20T12:18:11+00:00\" \/>\n<meta name=\"twitter:card\" content=\"summary_large_image\" \/>\n<meta name=\"twitter:site\" content=\"@GDswiss\" \/>\n<meta name=\"twitter:label1\" content=\"Gesch\u00e4tzte Lesezeit\" \/>\n\t<meta name=\"twitter:data1\" content=\"1\u00a0Minute\" \/>\n<script type=\"application\/ld+json\" class=\"yoast-schema-graph\">{\"@context\":\"https:\\\/\\\/schema.org\",\"@graph\":[{\"@type\":\"WebPage\",\"@id\":\"https:\\\/\\\/www.bankersforum.ch\\\/de\\\/anmeldung\\\/\",\"url\":\"https:\\\/\\\/www.bankersforum.ch\\\/de\\\/anmeldung\\\/\",\"name\":\"Anmeldungen zu den Foren | bankersforum\",\"isPartOf\":{\"@id\":\"https:\\\/\\\/www.bankersforum.ch\\\/de\\\/#website\"},\"datePublished\":\"2022-01-10T14:42:59+00:00\",\"dateModified\":\"2023-12-20T12:18:11+00:00\",\"description\":\"Anmeldungen zu den Foren | bankersforum | Melden Sie sich nachfolgend zu einem unserer Foren direkt an.\",\"breadcrumb\":{\"@id\":\"https:\\\/\\\/www.bankersforum.ch\\\/de\\\/anmeldung\\\/#breadcrumb\"},\"inLanguage\":\"de\",\"potentialAction\":[{\"@type\":\"ReadAction\",\"target\":[\"https:\\\/\\\/www.bankersforum.ch\\\/de\\\/anmeldung\\\/\"]}]},{\"@type\":\"BreadcrumbList\",\"@id\":\"https:\\\/\\\/www.bankersforum.ch\\\/de\\\/anmeldung\\\/#breadcrumb\",\"itemListElement\":[{\"@type\":\"ListItem\",\"position\":1,\"name\":\"Home\",\"item\":\"https:\\\/\\\/www.bankersforum.ch\\\/de\\\/\"},{\"@type\":\"ListItem\",\"position\":2,\"name\":\"Anmeldung\"}]},{\"@type\":\"WebSite\",\"@id\":\"https:\\\/\\\/www.bankersforum.ch\\\/de\\\/#website\",\"url\":\"https:\\\/\\\/www.bankersforum.ch\\\/de\\\/\",\"name\":\"bankersforum.ch\",\"description\":\"\",\"publisher\":{\"@id\":\"https:\\\/\\\/www.bankersforum.ch\\\/de\\\/#organization\"},\"potentialAction\":[{\"@type\":\"SearchAction\",\"target\":{\"@type\":\"EntryPoint\",\"urlTemplate\":\"https:\\\/\\\/www.bankersforum.ch\\\/de\\\/?s={search_term_string}\"},\"query-input\":{\"@type\":\"PropertyValueSpecification\",\"valueRequired\":true,\"valueName\":\"search_term_string\"}}],\"inLanguage\":\"de\"},{\"@type\":\"Organization\",\"@id\":\"https:\\\/\\\/www.bankersforum.ch\\\/de\\\/#organization\",\"name\":\"Moser und Partner AG\",\"url\":\"https:\\\/\\\/www.bankersforum.ch\\\/de\\\/\",\"logo\":{\"@type\":\"ImageObject\",\"inLanguage\":\"de\",\"@id\":\"https:\\\/\\\/www.bankersforum.ch\\\/de\\\/#\\\/schema\\\/logo\\\/image\\\/\",\"url\":\"\",\"contentUrl\":\"\",\"caption\":\"Moser und Partner AG\"},\"image\":{\"@id\":\"https:\\\/\\\/www.bankersforum.ch\\\/de\\\/#\\\/schema\\\/logo\\\/image\\\/\"},\"sameAs\":[\"https:\\\/\\\/www.facebook.com\\\/gabrieldesign.swiss\",\"https:\\\/\\\/x.com\\\/GDswiss\",\"https:\\\/\\\/www.instagram.com\\\/gabrieldesign.swiss\\\/\",\"https:\\\/\\\/www.linkedin.com\\\/company\\\/gabrieldesign\\\/\"]}]}<\/script>\n<!-- \/ Yoast SEO plugin. -->","yoast_head_json":{"title":"Anmeldungen zu den Foren | bankersforum","description":"Anmeldungen zu den Foren | bankersforum | Melden Sie sich nachfolgend zu einem unserer Foren direkt an.","robots":{"index":"index","follow":"follow","max-snippet":"max-snippet:-1","max-image-preview":"max-image-preview:large","max-video-preview":"max-video-preview:-1"},"canonical":"https:\/\/www.bankersforum.ch\/de\/anmeldung\/","og_locale":"de_DE","og_type":"article","og_title":"Anmeldungen zu den Foren | bankersforum","og_description":"Anmeldungen zu den Foren | bankersforum | Melden Sie sich nachfolgend zu einem unserer Foren direkt an.","og_url":"https:\/\/www.bankersforum.ch\/de\/anmeldung\/","og_site_name":"bankersforum.ch","article_publisher":"https:\/\/www.facebook.com\/gabrieldesign.swiss","article_modified_time":"2023-12-20T12:18:11+00:00","twitter_card":"summary_large_image","twitter_site":"@GDswiss","twitter_misc":{"Gesch\u00e4tzte Lesezeit":"1\u00a0Minute"},"schema":{"@context":"https:\/\/schema.org","@graph":[{"@type":"WebPage","@id":"https:\/\/www.bankersforum.ch\/de\/anmeldung\/","url":"https:\/\/www.bankersforum.ch\/de\/anmeldung\/","name":"Anmeldungen zu den Foren | bankersforum","isPartOf":{"@id":"https:\/\/www.bankersforum.ch\/de\/#website"},"datePublished":"2022-01-10T14:42:59+00:00","dateModified":"2023-12-20T12:18:11+00:00","description":"Anmeldungen zu den Foren | bankersforum | Melden Sie sich nachfolgend zu einem unserer Foren direkt an.","breadcrumb":{"@id":"https:\/\/www.bankersforum.ch\/de\/anmeldung\/#breadcrumb"},"inLanguage":"de","potentialAction":[{"@type":"ReadAction","target":["https:\/\/www.bankersforum.ch\/de\/anmeldung\/"]}]},{"@type":"BreadcrumbList","@id":"https:\/\/www.bankersforum.ch\/de\/anmeldung\/#breadcrumb","itemListElement":[{"@type":"ListItem","position":1,"name":"Home","item":"https:\/\/www.bankersforum.ch\/de\/"},{"@type":"ListItem","position":2,"name":"Anmeldung"}]},{"@type":"WebSite","@id":"https:\/\/www.bankersforum.ch\/de\/#website","url":"https:\/\/www.bankersforum.ch\/de\/","name":"bankersforum.ch","description":"","publisher":{"@id":"https:\/\/www.bankersforum.ch\/de\/#organization"},"potentialAction":[{"@type":"SearchAction","target":{"@type":"EntryPoint","urlTemplate":"https:\/\/www.bankersforum.ch\/de\/?s={search_term_string}"},"query-input":{"@type":"PropertyValueSpecification","valueRequired":true,"valueName":"search_term_string"}}],"inLanguage":"de"},{"@type":"Organization","@id":"https:\/\/www.bankersforum.ch\/de\/#organization","name":"Moser und Partner AG","url":"https:\/\/www.bankersforum.ch\/de\/","logo":{"@type":"ImageObject","inLanguage":"de","@id":"https:\/\/www.bankersforum.ch\/de\/#\/schema\/logo\/image\/","url":"","contentUrl":"","caption":"Moser und Partner AG"},"image":{"@id":"https:\/\/www.bankersforum.ch\/de\/#\/schema\/logo\/image\/"},"sameAs":["https:\/\/www.facebook.com\/gabrieldesign.swiss","https:\/\/x.com\/GDswiss","https:\/\/www.instagram.com\/gabrieldesign.swiss\/","https:\/\/www.linkedin.com\/company\/gabrieldesign\/"]}]}},"_links":{"self":[{"href":"https:\/\/www.bankersforum.ch\/de\/wp-json\/wp\/v2\/pages\/6540","targetHints":{"allow":["GET"]}}],"collection":[{"href":"https:\/\/www.bankersforum.ch\/de\/wp-json\/wp\/v2\/pages"}],"about":[{"href":"https:\/\/www.bankersforum.ch\/de\/wp-json\/wp\/v2\/types\/page"}],"author":[{"embeddable":true,"href":"https:\/\/www.bankersforum.ch\/de\/wp-json\/wp\/v2\/users\/6"}],"replies":[{"embeddable":true,"href":"https:\/\/www.bankersforum.ch\/de\/wp-json\/wp\/v2\/comments?post=6540"}],"version-history":[{"count":13,"href":"https:\/\/www.bankersforum.ch\/de\/wp-json\/wp\/v2\/pages\/6540\/revisions"}],"predecessor-version":[{"id":7752,"href":"https:\/\/www.bankersforum.ch\/de\/wp-json\/wp\/v2\/pages\/6540\/revisions\/7752"}],"wp:attachment":[{"href":"https:\/\/www.bankersforum.ch\/de\/wp-json\/wp\/v2\/media?parent=6540"}],"curies":[{"name":"wp","href":"https:\/\/api.w.org\/{rel}","templated":true}]}}