{"id":6549,"date":"2022-01-10T15:51:45","date_gmt":"2022-01-10T14:51:45","guid":{"rendered":"https:\/\/www.bankersforum.ch\/?page_id=6549"},"modified":"2026-04-23T08:21:49","modified_gmt":"2026-04-23T06:21:49","slug":"ueber-uns-kontakt","status":"publish","type":"page","link":"https:\/\/www.bankersforum.ch\/de\/ueber-uns-kontakt\/","title":{"rendered":"\u00dcber uns \/ Kontakt"},"content":{"rendered":"<div id=\"cs-content\" class=\"cs-content\"><\/div>\n","protected":false},"excerpt":{"rendered":"<p>\u00dcber uns \/ Kontakt Adresse Bankersforum AGGeneral-Wille-Strasse 1718706 Meileninfo@bankersforum.chPascal Baumgartner Pascal kann als Rechtanwalt, EMBA HSG, auf mehr als 15 Jahre Berufserfahrung im Bereich Compliance, mit Fokus auf das Thema Geldw\u00e4schereibek\u00e4mpfung, zur\u00fcckgreifen. Seit Herbst 2022 ist er Gesch\u00e4ftsf\u00fchrer der Entris Banking AG. Bis dahin war er f\u00fcr acht Jahre als Leiter Legal und Compliance bei der Bank Valiant und davor &#8230; <a href=\"https:\/\/www.bankersforum.ch\/de\/ueber-uns-kontakt\/\" class=\"more-link\">Read More<\/a><\/p>\n","protected":false},"author":6,"featured_media":0,"parent":0,"menu_order":0,"comment_status":"closed","ping_status":"closed","template":"template-blank-4.php","meta":{"_acf_changed":false,"inline_featured_image":false,"iawp_total_views":1219,"footnotes":""},"class_list":["post-6549","page","type-page","status-publish","hentry","no-post-thumbnail"],"acf":[],"yoast_head":"<!-- This site is optimized with the Yoast SEO plugin v27.4 - https:\/\/yoast.com\/product\/yoast-seo-wordpress\/ -->\n<title>\u00dcber uns \/ Kontakt | bankersforum<\/title>\n<meta name=\"description\" content=\"\u00dcber uns \/ Kontakt | Bankersforum AG, c\/o Martin ZuanHaldeng\u00e4ssli 76, 8706 Meilen, www.bankersforum.ch\" \/>\n<meta name=\"robots\" content=\"index, follow, max-snippet:-1, max-image-preview:large, max-video-preview:-1\" \/>\n<link rel=\"canonical\" href=\"https:\/\/www.bankersforum.ch\/de\/ueber-uns-kontakt\/\" \/>\n<meta property=\"og:locale\" content=\"de_DE\" \/>\n<meta property=\"og:type\" content=\"article\" \/>\n<meta property=\"og:title\" content=\"\u00dcber uns \/ Kontakt | bankersforum\" \/>\n<meta property=\"og:description\" content=\"\u00dcber uns \/ Kontakt | Bankersforum AG, c\/o Martin ZuanHaldeng\u00e4ssli 76, 8706 Meilen, www.bankersforum.ch\" \/>\n<meta property=\"og:url\" content=\"https:\/\/www.bankersforum.ch\/de\/ueber-uns-kontakt\/\" \/>\n<meta property=\"og:site_name\" content=\"bankersforum.ch\" \/>\n<meta property=\"article:publisher\" content=\"https:\/\/www.facebook.com\/gabrieldesign.swiss\" \/>\n<meta property=\"article:modified_time\" content=\"2026-04-23T06:21:49+00:00\" \/>\n<meta name=\"twitter:card\" content=\"summary_large_image\" \/>\n<meta name=\"twitter:site\" content=\"@GDswiss\" \/>\n<meta name=\"twitter:label1\" content=\"Gesch\u00e4tzte Lesezeit\" \/>\n\t<meta name=\"twitter:data1\" content=\"6\u00a0Minuten\" \/>\n<script type=\"application\/ld+json\" class=\"yoast-schema-graph\">{\"@context\":\"https:\\\/\\\/schema.org\",\"@graph\":[{\"@type\":\"WebPage\",\"@id\":\"https:\\\/\\\/www.bankersforum.ch\\\/de\\\/ueber-uns-kontakt\\\/\",\"url\":\"https:\\\/\\\/www.bankersforum.ch\\\/de\\\/ueber-uns-kontakt\\\/\",\"name\":\"\u00dcber uns \\\/ Kontakt | bankersforum\",\"isPartOf\":{\"@id\":\"https:\\\/\\\/www.bankersforum.ch\\\/de\\\/#website\"},\"datePublished\":\"2022-01-10T14:51:45+00:00\",\"dateModified\":\"2026-04-23T06:21:49+00:00\",\"description\":\"\u00dcber uns \\\/ Kontakt | Bankersforum AG, c\\\/o Martin ZuanHaldeng\u00e4ssli 76, 8706 Meilen, www.bankersforum.ch\",\"breadcrumb\":{\"@id\":\"https:\\\/\\\/www.bankersforum.ch\\\/de\\\/ueber-uns-kontakt\\\/#breadcrumb\"},\"inLanguage\":\"de\",\"potentialAction\":[{\"@type\":\"ReadAction\",\"target\":[\"https:\\\/\\\/www.bankersforum.ch\\\/de\\\/ueber-uns-kontakt\\\/\"]}]},{\"@type\":\"BreadcrumbList\",\"@id\":\"https:\\\/\\\/www.bankersforum.ch\\\/de\\\/ueber-uns-kontakt\\\/#breadcrumb\",\"itemListElement\":[{\"@type\":\"ListItem\",\"position\":1,\"name\":\"Home\",\"item\":\"https:\\\/\\\/www.bankersforum.ch\\\/de\\\/\"},{\"@type\":\"ListItem\",\"position\":2,\"name\":\"\u00dcber uns \\\/ Kontakt\"}]},{\"@type\":\"WebSite\",\"@id\":\"https:\\\/\\\/www.bankersforum.ch\\\/de\\\/#website\",\"url\":\"https:\\\/\\\/www.bankersforum.ch\\\/de\\\/\",\"name\":\"bankersforum.ch\",\"description\":\"\",\"publisher\":{\"@id\":\"https:\\\/\\\/www.bankersforum.ch\\\/de\\\/#organization\"},\"potentialAction\":[{\"@type\":\"SearchAction\",\"target\":{\"@type\":\"EntryPoint\",\"urlTemplate\":\"https:\\\/\\\/www.bankersforum.ch\\\/de\\\/?s={search_term_string}\"},\"query-input\":{\"@type\":\"PropertyValueSpecification\",\"valueRequired\":true,\"valueName\":\"search_term_string\"}}],\"inLanguage\":\"de\"},{\"@type\":\"Organization\",\"@id\":\"https:\\\/\\\/www.bankersforum.ch\\\/de\\\/#organization\",\"name\":\"Moser und Partner AG\",\"url\":\"https:\\\/\\\/www.bankersforum.ch\\\/de\\\/\",\"logo\":{\"@type\":\"ImageObject\",\"inLanguage\":\"de\",\"@id\":\"https:\\\/\\\/www.bankersforum.ch\\\/de\\\/#\\\/schema\\\/logo\\\/image\\\/\",\"url\":\"\",\"contentUrl\":\"\",\"caption\":\"Moser und Partner AG\"},\"image\":{\"@id\":\"https:\\\/\\\/www.bankersforum.ch\\\/de\\\/#\\\/schema\\\/logo\\\/image\\\/\"},\"sameAs\":[\"https:\\\/\\\/www.facebook.com\\\/gabrieldesign.swiss\",\"https:\\\/\\\/x.com\\\/GDswiss\",\"https:\\\/\\\/www.instagram.com\\\/gabrieldesign.swiss\\\/\",\"https:\\\/\\\/www.linkedin.com\\\/company\\\/gabrieldesign\\\/\"]}]}<\/script>\n<!-- \/ Yoast SEO plugin. -->","yoast_head_json":{"title":"\u00dcber uns \/ Kontakt | bankersforum","description":"\u00dcber uns \/ Kontakt | Bankersforum AG, c\/o Martin ZuanHaldeng\u00e4ssli 76, 8706 Meilen, www.bankersforum.ch","robots":{"index":"index","follow":"follow","max-snippet":"max-snippet:-1","max-image-preview":"max-image-preview:large","max-video-preview":"max-video-preview:-1"},"canonical":"https:\/\/www.bankersforum.ch\/de\/ueber-uns-kontakt\/","og_locale":"de_DE","og_type":"article","og_title":"\u00dcber uns \/ Kontakt | bankersforum","og_description":"\u00dcber uns \/ Kontakt | Bankersforum AG, c\/o Martin ZuanHaldeng\u00e4ssli 76, 8706 Meilen, www.bankersforum.ch","og_url":"https:\/\/www.bankersforum.ch\/de\/ueber-uns-kontakt\/","og_site_name":"bankersforum.ch","article_publisher":"https:\/\/www.facebook.com\/gabrieldesign.swiss","article_modified_time":"2026-04-23T06:21:49+00:00","twitter_card":"summary_large_image","twitter_site":"@GDswiss","twitter_misc":{"Gesch\u00e4tzte Lesezeit":"6\u00a0Minuten"},"schema":{"@context":"https:\/\/schema.org","@graph":[{"@type":"WebPage","@id":"https:\/\/www.bankersforum.ch\/de\/ueber-uns-kontakt\/","url":"https:\/\/www.bankersforum.ch\/de\/ueber-uns-kontakt\/","name":"\u00dcber uns \/ Kontakt | bankersforum","isPartOf":{"@id":"https:\/\/www.bankersforum.ch\/de\/#website"},"datePublished":"2022-01-10T14:51:45+00:00","dateModified":"2026-04-23T06:21:49+00:00","description":"\u00dcber uns \/ Kontakt | Bankersforum AG, c\/o Martin ZuanHaldeng\u00e4ssli 76, 8706 Meilen, www.bankersforum.ch","breadcrumb":{"@id":"https:\/\/www.bankersforum.ch\/de\/ueber-uns-kontakt\/#breadcrumb"},"inLanguage":"de","potentialAction":[{"@type":"ReadAction","target":["https:\/\/www.bankersforum.ch\/de\/ueber-uns-kontakt\/"]}]},{"@type":"BreadcrumbList","@id":"https:\/\/www.bankersforum.ch\/de\/ueber-uns-kontakt\/#breadcrumb","itemListElement":[{"@type":"ListItem","position":1,"name":"Home","item":"https:\/\/www.bankersforum.ch\/de\/"},{"@type":"ListItem","position":2,"name":"\u00dcber uns \/ Kontakt"}]},{"@type":"WebSite","@id":"https:\/\/www.bankersforum.ch\/de\/#website","url":"https:\/\/www.bankersforum.ch\/de\/","name":"bankersforum.ch","description":"","publisher":{"@id":"https:\/\/www.bankersforum.ch\/de\/#organization"},"potentialAction":[{"@type":"SearchAction","target":{"@type":"EntryPoint","urlTemplate":"https:\/\/www.bankersforum.ch\/de\/?s={search_term_string}"},"query-input":{"@type":"PropertyValueSpecification","valueRequired":true,"valueName":"search_term_string"}}],"inLanguage":"de"},{"@type":"Organization","@id":"https:\/\/www.bankersforum.ch\/de\/#organization","name":"Moser und Partner AG","url":"https:\/\/www.bankersforum.ch\/de\/","logo":{"@type":"ImageObject","inLanguage":"de","@id":"https:\/\/www.bankersforum.ch\/de\/#\/schema\/logo\/image\/","url":"","contentUrl":"","caption":"Moser und Partner AG"},"image":{"@id":"https:\/\/www.bankersforum.ch\/de\/#\/schema\/logo\/image\/"},"sameAs":["https:\/\/www.facebook.com\/gabrieldesign.swiss","https:\/\/x.com\/GDswiss","https:\/\/www.instagram.com\/gabrieldesign.swiss\/","https:\/\/www.linkedin.com\/company\/gabrieldesign\/"]}]}},"_links":{"self":[{"href":"https:\/\/www.bankersforum.ch\/de\/wp-json\/wp\/v2\/pages\/6549","targetHints":{"allow":["GET"]}}],"collection":[{"href":"https:\/\/www.bankersforum.ch\/de\/wp-json\/wp\/v2\/pages"}],"about":[{"href":"https:\/\/www.bankersforum.ch\/de\/wp-json\/wp\/v2\/types\/page"}],"author":[{"embeddable":true,"href":"https:\/\/www.bankersforum.ch\/de\/wp-json\/wp\/v2\/users\/6"}],"replies":[{"embeddable":true,"href":"https:\/\/www.bankersforum.ch\/de\/wp-json\/wp\/v2\/comments?post=6549"}],"version-history":[{"count":4,"href":"https:\/\/www.bankersforum.ch\/de\/wp-json\/wp\/v2\/pages\/6549\/revisions"}],"predecessor-version":[{"id":8451,"href":"https:\/\/www.bankersforum.ch\/de\/wp-json\/wp\/v2\/pages\/6549\/revisions\/8451"}],"wp:attachment":[{"href":"https:\/\/www.bankersforum.ch\/de\/wp-json\/wp\/v2\/media?parent=6549"}],"curies":[{"name":"wp","href":"https:\/\/api.w.org\/{rel}","templated":true}]}}