{"id":6741,"date":"2022-01-10T15:29:00","date_gmt":"2022-01-10T14:29:00","guid":{"rendered":"https:\/\/www.bankersforum.ch\/accueil\/"},"modified":"2022-02-17T14:06:59","modified_gmt":"2022-02-17T13:06:59","slug":"accueil","status":"publish","type":"page","link":"https:\/\/www.bankersforum.ch\/fr\/","title":{"rendered":"Accueil"},"content":{"rendered":"<div id=\"cs-content\" class=\"cs-content\"><\/div>\n","protected":false},"excerpt":{"rendered":"<p>Bienvenue Bankersforum concr\u00e9tise l\u2019application des dispositions r\u00e9glementaires. Par des colloques et des formations cibl\u00e9es, nous souhaitons, en collaboration avec des experts, faire conna\u00eetre les exigences et les interpr\u00e9tations en vigueur, ainsi que faciliter leur mise en \u0153uvre. Contrairement \u00e0 d\u2019autres \u00e9v\u00e9nements, nous voulons discuter et r\u00e9soudre des exemples concrets et pratiques du quotidien des banques dans le cadre de solutions &#8230; <a href=\"https:\/\/www.bankersforum.ch\/fr\/\" class=\"more-link\">Read More<\/a><\/p>\n","protected":false},"author":6,"featured_media":0,"parent":0,"menu_order":0,"comment_status":"closed","ping_status":"closed","template":"template-blank-4.php","meta":{"_acf_changed":false,"inline_featured_image":false,"iawp_total_views":480,"footnotes":""},"class_list":["post-6741","page","type-page","status-publish","hentry","no-post-thumbnail"],"acf":[],"yoast_head":"<!-- This site is optimized with the Yoast SEO plugin v25.9 - https:\/\/yoast.com\/wordpress\/plugins\/seo\/ -->\n<title>bankersforum | Bienvenue<\/title>\n<meta name=\"description\" content=\"Bankersforum concr\u00e9tise l\u2019application des dispositions r\u00e9glementaires. Par de colloques et de formations cibl\u00e9es, nous souhaitons, en collaboration avec des experts ...\" \/>\n<meta name=\"robots\" content=\"index, follow, max-snippet:-1, max-image-preview:large, max-video-preview:-1\" \/>\n<link rel=\"canonical\" href=\"https:\/\/www.bankersforum.ch\/fr\/\" \/>\n<meta property=\"og:locale\" content=\"fr_FR\" \/>\n<meta property=\"og:type\" content=\"article\" \/>\n<meta property=\"og:title\" content=\"bankersforum | Bienvenue\" \/>\n<meta property=\"og:description\" content=\"Bankersforum concr\u00e9tise l\u2019application des dispositions r\u00e9glementaires. Par de colloques et de formations cibl\u00e9es, nous souhaitons, en collaboration avec des experts ...\" \/>\n<meta property=\"og:url\" content=\"https:\/\/www.bankersforum.ch\/fr\/\" \/>\n<meta property=\"og:site_name\" content=\"bankersforum.ch\" \/>\n<meta property=\"article:publisher\" content=\"https:\/\/www.facebook.com\/gabrieldesign.swiss\" \/>\n<meta property=\"article:modified_time\" content=\"2022-02-17T13:06:59+00:00\" \/>\n<meta name=\"twitter:card\" content=\"summary_large_image\" \/>\n<meta name=\"twitter:site\" content=\"@GDswiss\" \/>\n<meta name=\"twitter:label1\" content=\"Dur\u00e9e de lecture estim\u00e9e\" \/>\n\t<meta name=\"twitter:data1\" content=\"1 minute\" \/>\n<script type=\"application\/ld+json\" class=\"yoast-schema-graph\">{\"@context\":\"https:\/\/schema.org\",\"@graph\":[{\"@type\":\"WebPage\",\"@id\":\"https:\/\/www.bankersforum.ch\/fr\/\",\"url\":\"https:\/\/www.bankersforum.ch\/fr\/\",\"name\":\"bankersforum | Bienvenue\",\"isPartOf\":{\"@id\":\"https:\/\/www.bankersforum.ch\/fr\/#website\"},\"datePublished\":\"2022-01-10T14:29:00+00:00\",\"dateModified\":\"2022-02-17T13:06:59+00:00\",\"description\":\"Bankersforum concr\u00e9tise l\u2019application des dispositions r\u00e9glementaires. Par de colloques et de formations cibl\u00e9es, nous souhaitons, en collaboration avec des experts ...\",\"breadcrumb\":{\"@id\":\"https:\/\/www.bankersforum.ch\/fr\/#breadcrumb\"},\"inLanguage\":\"fr-FR\",\"potentialAction\":[{\"@type\":\"ReadAction\",\"target\":[\"https:\/\/www.bankersforum.ch\/fr\/\"]}]},{\"@type\":\"BreadcrumbList\",\"@id\":\"https:\/\/www.bankersforum.ch\/fr\/#breadcrumb\",\"itemListElement\":[{\"@type\":\"ListItem\",\"position\":1,\"name\":\"Home\",\"item\":\"https:\/\/www.bankersforum.ch\/fr\/\"},{\"@type\":\"ListItem\",\"position\":2,\"name\":\"Accueil\"}]},{\"@type\":\"WebSite\",\"@id\":\"https:\/\/www.bankersforum.ch\/fr\/#website\",\"url\":\"https:\/\/www.bankersforum.ch\/fr\/\",\"name\":\"bankersforum.ch\",\"description\":\"\",\"publisher\":{\"@id\":\"https:\/\/www.bankersforum.ch\/fr\/#organization\"},\"potentialAction\":[{\"@type\":\"SearchAction\",\"target\":{\"@type\":\"EntryPoint\",\"urlTemplate\":\"https:\/\/www.bankersforum.ch\/fr\/?s={search_term_string}\"},\"query-input\":{\"@type\":\"PropertyValueSpecification\",\"valueRequired\":true,\"valueName\":\"search_term_string\"}}],\"inLanguage\":\"fr-FR\"},{\"@type\":\"Organization\",\"@id\":\"https:\/\/www.bankersforum.ch\/fr\/#organization\",\"name\":\"Moser und Partner AG\",\"url\":\"https:\/\/www.bankersforum.ch\/fr\/\",\"logo\":{\"@type\":\"ImageObject\",\"inLanguage\":\"fr-FR\",\"@id\":\"https:\/\/www.bankersforum.ch\/fr\/#\/schema\/logo\/image\/\",\"url\":\"\",\"contentUrl\":\"\",\"caption\":\"Moser und Partner AG\"},\"image\":{\"@id\":\"https:\/\/www.bankersforum.ch\/fr\/#\/schema\/logo\/image\/\"},\"sameAs\":[\"https:\/\/www.facebook.com\/gabrieldesign.swiss\",\"https:\/\/x.com\/GDswiss\",\"https:\/\/www.instagram.com\/gabrieldesign.swiss\/\",\"https:\/\/www.linkedin.com\/company\/gabrieldesign\/\"]}]}<\/script>\n<!-- \/ Yoast SEO plugin. -->","yoast_head_json":{"title":"bankersforum | Bienvenue","description":"Bankersforum concr\u00e9tise l\u2019application des dispositions r\u00e9glementaires. Par de colloques et de formations cibl\u00e9es, nous souhaitons, en collaboration avec des experts ...","robots":{"index":"index","follow":"follow","max-snippet":"max-snippet:-1","max-image-preview":"max-image-preview:large","max-video-preview":"max-video-preview:-1"},"canonical":"https:\/\/www.bankersforum.ch\/fr\/","og_locale":"fr_FR","og_type":"article","og_title":"bankersforum | Bienvenue","og_description":"Bankersforum concr\u00e9tise l\u2019application des dispositions r\u00e9glementaires. Par de colloques et de formations cibl\u00e9es, nous souhaitons, en collaboration avec des experts ...","og_url":"https:\/\/www.bankersforum.ch\/fr\/","og_site_name":"bankersforum.ch","article_publisher":"https:\/\/www.facebook.com\/gabrieldesign.swiss","article_modified_time":"2022-02-17T13:06:59+00:00","twitter_card":"summary_large_image","twitter_site":"@GDswiss","twitter_misc":{"Dur\u00e9e de lecture estim\u00e9e":"1 minute"},"schema":{"@context":"https:\/\/schema.org","@graph":[{"@type":"WebPage","@id":"https:\/\/www.bankersforum.ch\/fr\/","url":"https:\/\/www.bankersforum.ch\/fr\/","name":"bankersforum | Bienvenue","isPartOf":{"@id":"https:\/\/www.bankersforum.ch\/fr\/#website"},"datePublished":"2022-01-10T14:29:00+00:00","dateModified":"2022-02-17T13:06:59+00:00","description":"Bankersforum concr\u00e9tise l\u2019application des dispositions r\u00e9glementaires. Par de colloques et de formations cibl\u00e9es, nous souhaitons, en collaboration avec des experts ...","breadcrumb":{"@id":"https:\/\/www.bankersforum.ch\/fr\/#breadcrumb"},"inLanguage":"fr-FR","potentialAction":[{"@type":"ReadAction","target":["https:\/\/www.bankersforum.ch\/fr\/"]}]},{"@type":"BreadcrumbList","@id":"https:\/\/www.bankersforum.ch\/fr\/#breadcrumb","itemListElement":[{"@type":"ListItem","position":1,"name":"Home","item":"https:\/\/www.bankersforum.ch\/fr\/"},{"@type":"ListItem","position":2,"name":"Accueil"}]},{"@type":"WebSite","@id":"https:\/\/www.bankersforum.ch\/fr\/#website","url":"https:\/\/www.bankersforum.ch\/fr\/","name":"bankersforum.ch","description":"","publisher":{"@id":"https:\/\/www.bankersforum.ch\/fr\/#organization"},"potentialAction":[{"@type":"SearchAction","target":{"@type":"EntryPoint","urlTemplate":"https:\/\/www.bankersforum.ch\/fr\/?s={search_term_string}"},"query-input":{"@type":"PropertyValueSpecification","valueRequired":true,"valueName":"search_term_string"}}],"inLanguage":"fr-FR"},{"@type":"Organization","@id":"https:\/\/www.bankersforum.ch\/fr\/#organization","name":"Moser und Partner AG","url":"https:\/\/www.bankersforum.ch\/fr\/","logo":{"@type":"ImageObject","inLanguage":"fr-FR","@id":"https:\/\/www.bankersforum.ch\/fr\/#\/schema\/logo\/image\/","url":"","contentUrl":"","caption":"Moser und Partner AG"},"image":{"@id":"https:\/\/www.bankersforum.ch\/fr\/#\/schema\/logo\/image\/"},"sameAs":["https:\/\/www.facebook.com\/gabrieldesign.swiss","https:\/\/x.com\/GDswiss","https:\/\/www.instagram.com\/gabrieldesign.swiss\/","https:\/\/www.linkedin.com\/company\/gabrieldesign\/"]}]}},"_links":{"self":[{"href":"https:\/\/www.bankersforum.ch\/fr\/wp-json\/wp\/v2\/pages\/6741","targetHints":{"allow":["GET"]}}],"collection":[{"href":"https:\/\/www.bankersforum.ch\/fr\/wp-json\/wp\/v2\/pages"}],"about":[{"href":"https:\/\/www.bankersforum.ch\/fr\/wp-json\/wp\/v2\/types\/page"}],"author":[{"embeddable":true,"href":"https:\/\/www.bankersforum.ch\/fr\/wp-json\/wp\/v2\/users\/6"}],"replies":[{"embeddable":true,"href":"https:\/\/www.bankersforum.ch\/fr\/wp-json\/wp\/v2\/comments?post=6741"}],"version-history":[{"count":0,"href":"https:\/\/www.bankersforum.ch\/fr\/wp-json\/wp\/v2\/pages\/6741\/revisions"}],"wp:attachment":[{"href":"https:\/\/www.bankersforum.ch\/fr\/wp-json\/wp\/v2\/media?parent=6741"}],"curies":[{"name":"wp","href":"https:\/\/api.w.org\/{rel}","templated":true}]}}