{"id":6749,"date":"2021-11-01T17:13:45","date_gmt":"2021-11-01T16:13:45","guid":{"rendered":"https:\/\/www.bankersforum.ch\/forum-conferences\/"},"modified":"2024-01-09T16:30:59","modified_gmt":"2024-01-09T15:30:59","slug":"forum-conferences","status":"publish","type":"page","link":"https:\/\/www.bankersforum.ch\/fr\/forum-conferences\/","title":{"rendered":"Forum\/Conf\u00e9rences"},"content":{"rendered":"<div id=\"cs-content\" class=\"cs-content\"><\/div>\n","protected":false},"excerpt":{"rendered":"<p>Forum\/Conf\u00e9rences Le forum est au centre! Lors de nos sessions de formation, nous mettons l\u2019accent sur l\u2019utilit\u00e9 pratique ainsi que sur la mise en \u0153uvre et l\u2019application correctes des dispositions. Il est important pour nous d&rsquo;\u00eatre \u00e0 l&rsquo;\u00e9coute des besoins des participants et de pouvoir mener une discussion. Les forums suivants (en allemand et en fran\u00e7ais) sont actuellement pr\u00e9vus: Forum &#8230; <a href=\"https:\/\/www.bankersforum.ch\/fr\/forum-conferences\/\" class=\"more-link\">Read More<\/a><\/p>\n","protected":false},"author":6,"featured_media":0,"parent":0,"menu_order":0,"comment_status":"closed","ping_status":"closed","template":"template-blank-4.php","meta":{"_acf_changed":false,"inline_featured_image":false,"iawp_total_views":503,"footnotes":""},"class_list":["post-6749","page","type-page","status-publish","hentry","no-post-thumbnail"],"acf":[],"yoast_head":"<!-- This site is optimized with the Yoast SEO plugin v27.4 - https:\/\/yoast.com\/product\/yoast-seo-wordpress\/ -->\n<title>Forum\/Conf\u00e9rences | bankersforum<\/title>\n<meta name=\"description\" content=\"Le forum est au centre ! Lors de nos sessions de formation, nous mettons l&#039;accent sur l&#039;utilit\u00e9 pratique ainsi que sur la mise en \u0153uvre et l&#039;application correctes des dispositions. Il est important pour nous d&#039;\u00eatre \u00e0 l&#039;\u00e9coute des besoins des participants et de pouvoir mener une discussion.\" \/>\n<meta name=\"robots\" content=\"index, follow, max-snippet:-1, max-image-preview:large, max-video-preview:-1\" \/>\n<link rel=\"canonical\" href=\"https:\/\/www.bankersforum.ch\/fr\/forum-conferences\/\" \/>\n<meta property=\"og:locale\" content=\"fr_FR\" \/>\n<meta property=\"og:type\" content=\"article\" \/>\n<meta property=\"og:title\" content=\"Forum\/Conf\u00e9rences | bankersforum\" \/>\n<meta property=\"og:description\" content=\"Le forum est au centre ! Lors de nos sessions de formation, nous mettons l&#039;accent sur l&#039;utilit\u00e9 pratique ainsi que sur la mise en \u0153uvre et l&#039;application correctes des dispositions. Il est important pour nous d&#039;\u00eatre \u00e0 l&#039;\u00e9coute des besoins des participants et de pouvoir mener une discussion.\" \/>\n<meta property=\"og:url\" content=\"https:\/\/www.bankersforum.ch\/fr\/forum-conferences\/\" \/>\n<meta property=\"og:site_name\" content=\"bankersforum.ch\" \/>\n<meta property=\"article:publisher\" content=\"https:\/\/www.facebook.com\/gabrieldesign.swiss\" \/>\n<meta property=\"article:modified_time\" content=\"2024-01-09T15:30:59+00:00\" \/>\n<meta name=\"twitter:card\" content=\"summary_large_image\" \/>\n<meta name=\"twitter:site\" content=\"@GDswiss\" \/>\n<meta name=\"twitter:label1\" content=\"Dur\u00e9e de lecture estim\u00e9e\" \/>\n\t<meta name=\"twitter:data1\" content=\"1 minute\" \/>\n<script type=\"application\/ld+json\" class=\"yoast-schema-graph\">{\"@context\":\"https:\\\/\\\/schema.org\",\"@graph\":[{\"@type\":\"WebPage\",\"@id\":\"https:\\\/\\\/www.bankersforum.ch\\\/fr\\\/forum-conferences\\\/\",\"url\":\"https:\\\/\\\/www.bankersforum.ch\\\/fr\\\/forum-conferences\\\/\",\"name\":\"Forum\\\/Conf\u00e9rences | bankersforum\",\"isPartOf\":{\"@id\":\"https:\\\/\\\/www.bankersforum.ch\\\/fr\\\/#website\"},\"datePublished\":\"2021-11-01T16:13:45+00:00\",\"dateModified\":\"2024-01-09T15:30:59+00:00\",\"description\":\"Le forum est au centre ! Lors de nos sessions de formation, nous mettons l'accent sur l'utilit\u00e9 pratique ainsi que sur la mise en \u0153uvre et l'application correctes des dispositions. Il est important pour nous d'\u00eatre \u00e0 l'\u00e9coute des besoins des participants et de pouvoir mener une discussion.\",\"breadcrumb\":{\"@id\":\"https:\\\/\\\/www.bankersforum.ch\\\/fr\\\/forum-conferences\\\/#breadcrumb\"},\"inLanguage\":\"fr-FR\",\"potentialAction\":[{\"@type\":\"ReadAction\",\"target\":[\"https:\\\/\\\/www.bankersforum.ch\\\/fr\\\/forum-conferences\\\/\"]}]},{\"@type\":\"BreadcrumbList\",\"@id\":\"https:\\\/\\\/www.bankersforum.ch\\\/fr\\\/forum-conferences\\\/#breadcrumb\",\"itemListElement\":[{\"@type\":\"ListItem\",\"position\":1,\"name\":\"Home\",\"item\":\"https:\\\/\\\/www.bankersforum.ch\\\/fr\\\/\"},{\"@type\":\"ListItem\",\"position\":2,\"name\":\"Forum\\\/Conf\u00e9rences\"}]},{\"@type\":\"WebSite\",\"@id\":\"https:\\\/\\\/www.bankersforum.ch\\\/fr\\\/#website\",\"url\":\"https:\\\/\\\/www.bankersforum.ch\\\/fr\\\/\",\"name\":\"bankersforum.ch\",\"description\":\"\",\"publisher\":{\"@id\":\"https:\\\/\\\/www.bankersforum.ch\\\/fr\\\/#organization\"},\"potentialAction\":[{\"@type\":\"SearchAction\",\"target\":{\"@type\":\"EntryPoint\",\"urlTemplate\":\"https:\\\/\\\/www.bankersforum.ch\\\/fr\\\/?s={search_term_string}\"},\"query-input\":{\"@type\":\"PropertyValueSpecification\",\"valueRequired\":true,\"valueName\":\"search_term_string\"}}],\"inLanguage\":\"fr-FR\"},{\"@type\":\"Organization\",\"@id\":\"https:\\\/\\\/www.bankersforum.ch\\\/fr\\\/#organization\",\"name\":\"Moser und Partner AG\",\"url\":\"https:\\\/\\\/www.bankersforum.ch\\\/fr\\\/\",\"logo\":{\"@type\":\"ImageObject\",\"inLanguage\":\"fr-FR\",\"@id\":\"https:\\\/\\\/www.bankersforum.ch\\\/fr\\\/#\\\/schema\\\/logo\\\/image\\\/\",\"url\":\"\",\"contentUrl\":\"\",\"caption\":\"Moser und Partner AG\"},\"image\":{\"@id\":\"https:\\\/\\\/www.bankersforum.ch\\\/fr\\\/#\\\/schema\\\/logo\\\/image\\\/\"},\"sameAs\":[\"https:\\\/\\\/www.facebook.com\\\/gabrieldesign.swiss\",\"https:\\\/\\\/x.com\\\/GDswiss\",\"https:\\\/\\\/www.instagram.com\\\/gabrieldesign.swiss\\\/\",\"https:\\\/\\\/www.linkedin.com\\\/company\\\/gabrieldesign\\\/\"]}]}<\/script>\n<!-- \/ Yoast SEO plugin. -->","yoast_head_json":{"title":"Forum\/Conf\u00e9rences | bankersforum","description":"Le forum est au centre ! Lors de nos sessions de formation, nous mettons l'accent sur l'utilit\u00e9 pratique ainsi que sur la mise en \u0153uvre et l'application correctes des dispositions. Il est important pour nous d'\u00eatre \u00e0 l'\u00e9coute des besoins des participants et de pouvoir mener une discussion.","robots":{"index":"index","follow":"follow","max-snippet":"max-snippet:-1","max-image-preview":"max-image-preview:large","max-video-preview":"max-video-preview:-1"},"canonical":"https:\/\/www.bankersforum.ch\/fr\/forum-conferences\/","og_locale":"fr_FR","og_type":"article","og_title":"Forum\/Conf\u00e9rences | bankersforum","og_description":"Le forum est au centre ! Lors de nos sessions de formation, nous mettons l'accent sur l'utilit\u00e9 pratique ainsi que sur la mise en \u0153uvre et l'application correctes des dispositions. Il est important pour nous d'\u00eatre \u00e0 l'\u00e9coute des besoins des participants et de pouvoir mener une discussion.","og_url":"https:\/\/www.bankersforum.ch\/fr\/forum-conferences\/","og_site_name":"bankersforum.ch","article_publisher":"https:\/\/www.facebook.com\/gabrieldesign.swiss","article_modified_time":"2024-01-09T15:30:59+00:00","twitter_card":"summary_large_image","twitter_site":"@GDswiss","twitter_misc":{"Dur\u00e9e de lecture estim\u00e9e":"1 minute"},"schema":{"@context":"https:\/\/schema.org","@graph":[{"@type":"WebPage","@id":"https:\/\/www.bankersforum.ch\/fr\/forum-conferences\/","url":"https:\/\/www.bankersforum.ch\/fr\/forum-conferences\/","name":"Forum\/Conf\u00e9rences | bankersforum","isPartOf":{"@id":"https:\/\/www.bankersforum.ch\/fr\/#website"},"datePublished":"2021-11-01T16:13:45+00:00","dateModified":"2024-01-09T15:30:59+00:00","description":"Le forum est au centre ! Lors de nos sessions de formation, nous mettons l'accent sur l'utilit\u00e9 pratique ainsi que sur la mise en \u0153uvre et l'application correctes des dispositions. Il est important pour nous d'\u00eatre \u00e0 l'\u00e9coute des besoins des participants et de pouvoir mener une discussion.","breadcrumb":{"@id":"https:\/\/www.bankersforum.ch\/fr\/forum-conferences\/#breadcrumb"},"inLanguage":"fr-FR","potentialAction":[{"@type":"ReadAction","target":["https:\/\/www.bankersforum.ch\/fr\/forum-conferences\/"]}]},{"@type":"BreadcrumbList","@id":"https:\/\/www.bankersforum.ch\/fr\/forum-conferences\/#breadcrumb","itemListElement":[{"@type":"ListItem","position":1,"name":"Home","item":"https:\/\/www.bankersforum.ch\/fr\/"},{"@type":"ListItem","position":2,"name":"Forum\/Conf\u00e9rences"}]},{"@type":"WebSite","@id":"https:\/\/www.bankersforum.ch\/fr\/#website","url":"https:\/\/www.bankersforum.ch\/fr\/","name":"bankersforum.ch","description":"","publisher":{"@id":"https:\/\/www.bankersforum.ch\/fr\/#organization"},"potentialAction":[{"@type":"SearchAction","target":{"@type":"EntryPoint","urlTemplate":"https:\/\/www.bankersforum.ch\/fr\/?s={search_term_string}"},"query-input":{"@type":"PropertyValueSpecification","valueRequired":true,"valueName":"search_term_string"}}],"inLanguage":"fr-FR"},{"@type":"Organization","@id":"https:\/\/www.bankersforum.ch\/fr\/#organization","name":"Moser und Partner AG","url":"https:\/\/www.bankersforum.ch\/fr\/","logo":{"@type":"ImageObject","inLanguage":"fr-FR","@id":"https:\/\/www.bankersforum.ch\/fr\/#\/schema\/logo\/image\/","url":"","contentUrl":"","caption":"Moser und Partner AG"},"image":{"@id":"https:\/\/www.bankersforum.ch\/fr\/#\/schema\/logo\/image\/"},"sameAs":["https:\/\/www.facebook.com\/gabrieldesign.swiss","https:\/\/x.com\/GDswiss","https:\/\/www.instagram.com\/gabrieldesign.swiss\/","https:\/\/www.linkedin.com\/company\/gabrieldesign\/"]}]}},"_links":{"self":[{"href":"https:\/\/www.bankersforum.ch\/fr\/wp-json\/wp\/v2\/pages\/6749","targetHints":{"allow":["GET"]}}],"collection":[{"href":"https:\/\/www.bankersforum.ch\/fr\/wp-json\/wp\/v2\/pages"}],"about":[{"href":"https:\/\/www.bankersforum.ch\/fr\/wp-json\/wp\/v2\/types\/page"}],"author":[{"embeddable":true,"href":"https:\/\/www.bankersforum.ch\/fr\/wp-json\/wp\/v2\/users\/6"}],"replies":[{"embeddable":true,"href":"https:\/\/www.bankersforum.ch\/fr\/wp-json\/wp\/v2\/comments?post=6749"}],"version-history":[{"count":3,"href":"https:\/\/www.bankersforum.ch\/fr\/wp-json\/wp\/v2\/pages\/6749\/revisions"}],"predecessor-version":[{"id":7763,"href":"https:\/\/www.bankersforum.ch\/fr\/wp-json\/wp\/v2\/pages\/6749\/revisions\/7763"}],"wp:attachment":[{"href":"https:\/\/www.bankersforum.ch\/fr\/wp-json\/wp\/v2\/media?parent=6749"}],"curies":[{"name":"wp","href":"https:\/\/api.w.org\/{rel}","templated":true}]}}