{"id":6776,"date":"2022-02-07T17:41:46","date_gmt":"2022-02-07T16:41:46","guid":{"rendered":"https:\/\/www.bankersforum.chclaration-de-confidentialite\/"},"modified":"2022-02-11T11:30:09","modified_gmt":"2022-02-11T10:30:09","slug":"declaration-de-confidentialite","status":"publish","type":"page","link":"https:\/\/www.bankersforum.ch\/fr\/declaration-de-confidentialite\/","title":{"rendered":"D\u00e9claration de confidentialit\u00e9"},"content":{"rendered":"<div id=\"cs-content\" class=\"cs-content\"><\/div>\n","protected":false},"excerpt":{"rendered":"<p>D\u00e9claration de confidentialit\u00e9 Mentions l\u00e9gales Bankersforum AG ne garantit pas l&rsquo;exhaustivit\u00e9 et l&rsquo;exactitude des informations publi\u00e9es en ligne. En cas de renvoi \u00e0 des sites externes, nous n&rsquo;assumons aucune responsabilit\u00e9 quant \u00e0 leur contenu et \u00e0 leurs pratiques en mati\u00e8re de protection des donn\u00e9es. Lors de l&rsquo;utilisation du site web, il existe le risque que des tiers puissent entrer en &#8230; <a href=\"https:\/\/www.bankersforum.ch\/fr\/declaration-de-confidentialite\/\" class=\"more-link\">Read More<\/a><\/p>\n","protected":false},"author":6,"featured_media":0,"parent":0,"menu_order":0,"comment_status":"closed","ping_status":"closed","template":"template-blank-4.php","meta":{"_acf_changed":false,"inline_featured_image":false,"iawp_total_views":10,"footnotes":""},"class_list":["post-6776","page","type-page","status-publish","hentry","no-post-thumbnail"],"acf":[],"yoast_head":"<!-- This site is optimized with the Yoast SEO plugin v27.4 - https:\/\/yoast.com\/product\/yoast-seo-wordpress\/ -->\n<title>D\u00e9claration de confidentialit\u00e9 | bankersforum<\/title>\n<meta name=\"description\" content=\"D\u00e9claration de confidentialit\u00e9\" \/>\n<meta name=\"robots\" content=\"index, follow, max-snippet:-1, max-image-preview:large, max-video-preview:-1\" \/>\n<link rel=\"canonical\" href=\"https:\/\/www.bankersforum.ch\/fr\/declaration-de-confidentialite\/\" \/>\n<meta property=\"og:locale\" content=\"fr_FR\" \/>\n<meta property=\"og:type\" content=\"article\" \/>\n<meta property=\"og:title\" content=\"D\u00e9claration de confidentialit\u00e9 | bankersforum\" \/>\n<meta property=\"og:description\" content=\"D\u00e9claration de confidentialit\u00e9\" \/>\n<meta property=\"og:url\" content=\"https:\/\/www.bankersforum.ch\/fr\/declaration-de-confidentialite\/\" \/>\n<meta property=\"og:site_name\" content=\"bankersforum.ch\" \/>\n<meta property=\"article:publisher\" content=\"https:\/\/www.facebook.com\/gabrieldesign.swiss\" \/>\n<meta property=\"article:modified_time\" content=\"2022-02-11T10:30:09+00:00\" \/>\n<meta name=\"twitter:card\" content=\"summary_large_image\" \/>\n<meta name=\"twitter:site\" content=\"@GDswiss\" \/>\n<meta name=\"twitter:label1\" content=\"Dur\u00e9e de lecture estim\u00e9e\" \/>\n\t<meta name=\"twitter:data1\" content=\"6 minutes\" \/>\n<script type=\"application\/ld+json\" class=\"yoast-schema-graph\">{\"@context\":\"https:\\\/\\\/schema.org\",\"@graph\":[{\"@type\":\"WebPage\",\"@id\":\"https:\\\/\\\/www.bankersforum.ch\\\/fr\\\/declaration-de-confidentialite\\\/\",\"url\":\"https:\\\/\\\/www.bankersforum.ch\\\/fr\\\/declaration-de-confidentialite\\\/\",\"name\":\"D\u00e9claration de confidentialit\u00e9 | bankersforum\",\"isPartOf\":{\"@id\":\"https:\\\/\\\/www.bankersforum.ch\\\/fr\\\/#website\"},\"datePublished\":\"2022-02-07T16:41:46+00:00\",\"dateModified\":\"2022-02-11T10:30:09+00:00\",\"description\":\"D\u00e9claration de confidentialit\u00e9\",\"breadcrumb\":{\"@id\":\"https:\\\/\\\/www.bankersforum.ch\\\/fr\\\/declaration-de-confidentialite\\\/#breadcrumb\"},\"inLanguage\":\"fr-FR\",\"potentialAction\":[{\"@type\":\"ReadAction\",\"target\":[\"https:\\\/\\\/www.bankersforum.ch\\\/fr\\\/declaration-de-confidentialite\\\/\"]}]},{\"@type\":\"BreadcrumbList\",\"@id\":\"https:\\\/\\\/www.bankersforum.ch\\\/fr\\\/declaration-de-confidentialite\\\/#breadcrumb\",\"itemListElement\":[{\"@type\":\"ListItem\",\"position\":1,\"name\":\"Home\",\"item\":\"https:\\\/\\\/www.bankersforum.ch\\\/fr\\\/\"},{\"@type\":\"ListItem\",\"position\":2,\"name\":\"D\u00e9claration de confidentialit\u00e9\"}]},{\"@type\":\"WebSite\",\"@id\":\"https:\\\/\\\/www.bankersforum.ch\\\/fr\\\/#website\",\"url\":\"https:\\\/\\\/www.bankersforum.ch\\\/fr\\\/\",\"name\":\"bankersforum.ch\",\"description\":\"\",\"publisher\":{\"@id\":\"https:\\\/\\\/www.bankersforum.ch\\\/fr\\\/#organization\"},\"potentialAction\":[{\"@type\":\"SearchAction\",\"target\":{\"@type\":\"EntryPoint\",\"urlTemplate\":\"https:\\\/\\\/www.bankersforum.ch\\\/fr\\\/?s={search_term_string}\"},\"query-input\":{\"@type\":\"PropertyValueSpecification\",\"valueRequired\":true,\"valueName\":\"search_term_string\"}}],\"inLanguage\":\"fr-FR\"},{\"@type\":\"Organization\",\"@id\":\"https:\\\/\\\/www.bankersforum.ch\\\/fr\\\/#organization\",\"name\":\"Moser und Partner AG\",\"url\":\"https:\\\/\\\/www.bankersforum.ch\\\/fr\\\/\",\"logo\":{\"@type\":\"ImageObject\",\"inLanguage\":\"fr-FR\",\"@id\":\"https:\\\/\\\/www.bankersforum.ch\\\/fr\\\/#\\\/schema\\\/logo\\\/image\\\/\",\"url\":\"\",\"contentUrl\":\"\",\"caption\":\"Moser und Partner AG\"},\"image\":{\"@id\":\"https:\\\/\\\/www.bankersforum.ch\\\/fr\\\/#\\\/schema\\\/logo\\\/image\\\/\"},\"sameAs\":[\"https:\\\/\\\/www.facebook.com\\\/gabrieldesign.swiss\",\"https:\\\/\\\/x.com\\\/GDswiss\",\"https:\\\/\\\/www.instagram.com\\\/gabrieldesign.swiss\\\/\",\"https:\\\/\\\/www.linkedin.com\\\/company\\\/gabrieldesign\\\/\"]}]}<\/script>\n<!-- \/ Yoast SEO plugin. -->","yoast_head_json":{"title":"D\u00e9claration de confidentialit\u00e9 | bankersforum","description":"D\u00e9claration de confidentialit\u00e9","robots":{"index":"index","follow":"follow","max-snippet":"max-snippet:-1","max-image-preview":"max-image-preview:large","max-video-preview":"max-video-preview:-1"},"canonical":"https:\/\/www.bankersforum.ch\/fr\/declaration-de-confidentialite\/","og_locale":"fr_FR","og_type":"article","og_title":"D\u00e9claration de confidentialit\u00e9 | bankersforum","og_description":"D\u00e9claration de confidentialit\u00e9","og_url":"https:\/\/www.bankersforum.ch\/fr\/declaration-de-confidentialite\/","og_site_name":"bankersforum.ch","article_publisher":"https:\/\/www.facebook.com\/gabrieldesign.swiss","article_modified_time":"2022-02-11T10:30:09+00:00","twitter_card":"summary_large_image","twitter_site":"@GDswiss","twitter_misc":{"Dur\u00e9e de lecture estim\u00e9e":"6 minutes"},"schema":{"@context":"https:\/\/schema.org","@graph":[{"@type":"WebPage","@id":"https:\/\/www.bankersforum.ch\/fr\/declaration-de-confidentialite\/","url":"https:\/\/www.bankersforum.ch\/fr\/declaration-de-confidentialite\/","name":"D\u00e9claration de confidentialit\u00e9 | bankersforum","isPartOf":{"@id":"https:\/\/www.bankersforum.ch\/fr\/#website"},"datePublished":"2022-02-07T16:41:46+00:00","dateModified":"2022-02-11T10:30:09+00:00","description":"D\u00e9claration de confidentialit\u00e9","breadcrumb":{"@id":"https:\/\/www.bankersforum.ch\/fr\/declaration-de-confidentialite\/#breadcrumb"},"inLanguage":"fr-FR","potentialAction":[{"@type":"ReadAction","target":["https:\/\/www.bankersforum.ch\/fr\/declaration-de-confidentialite\/"]}]},{"@type":"BreadcrumbList","@id":"https:\/\/www.bankersforum.ch\/fr\/declaration-de-confidentialite\/#breadcrumb","itemListElement":[{"@type":"ListItem","position":1,"name":"Home","item":"https:\/\/www.bankersforum.ch\/fr\/"},{"@type":"ListItem","position":2,"name":"D\u00e9claration de confidentialit\u00e9"}]},{"@type":"WebSite","@id":"https:\/\/www.bankersforum.ch\/fr\/#website","url":"https:\/\/www.bankersforum.ch\/fr\/","name":"bankersforum.ch","description":"","publisher":{"@id":"https:\/\/www.bankersforum.ch\/fr\/#organization"},"potentialAction":[{"@type":"SearchAction","target":{"@type":"EntryPoint","urlTemplate":"https:\/\/www.bankersforum.ch\/fr\/?s={search_term_string}"},"query-input":{"@type":"PropertyValueSpecification","valueRequired":true,"valueName":"search_term_string"}}],"inLanguage":"fr-FR"},{"@type":"Organization","@id":"https:\/\/www.bankersforum.ch\/fr\/#organization","name":"Moser und Partner AG","url":"https:\/\/www.bankersforum.ch\/fr\/","logo":{"@type":"ImageObject","inLanguage":"fr-FR","@id":"https:\/\/www.bankersforum.ch\/fr\/#\/schema\/logo\/image\/","url":"","contentUrl":"","caption":"Moser und Partner AG"},"image":{"@id":"https:\/\/www.bankersforum.ch\/fr\/#\/schema\/logo\/image\/"},"sameAs":["https:\/\/www.facebook.com\/gabrieldesign.swiss","https:\/\/x.com\/GDswiss","https:\/\/www.instagram.com\/gabrieldesign.swiss\/","https:\/\/www.linkedin.com\/company\/gabrieldesign\/"]}]}},"_links":{"self":[{"href":"https:\/\/www.bankersforum.ch\/fr\/wp-json\/wp\/v2\/pages\/6776","targetHints":{"allow":["GET"]}}],"collection":[{"href":"https:\/\/www.bankersforum.ch\/fr\/wp-json\/wp\/v2\/pages"}],"about":[{"href":"https:\/\/www.bankersforum.ch\/fr\/wp-json\/wp\/v2\/types\/page"}],"author":[{"embeddable":true,"href":"https:\/\/www.bankersforum.ch\/fr\/wp-json\/wp\/v2\/users\/6"}],"replies":[{"embeddable":true,"href":"https:\/\/www.bankersforum.ch\/fr\/wp-json\/wp\/v2\/comments?post=6776"}],"version-history":[{"count":0,"href":"https:\/\/www.bankersforum.ch\/fr\/wp-json\/wp\/v2\/pages\/6776\/revisions"}],"wp:attachment":[{"href":"https:\/\/www.bankersforum.ch\/fr\/wp-json\/wp\/v2\/media?parent=6776"}],"curies":[{"name":"wp","href":"https:\/\/api.w.org\/{rel}","templated":true}]}}